{"id":647,"date":"2022-10-01T11:19:42","date_gmt":"2022-10-01T09:19:42","guid":{"rendered":"http:\/\/79.187.94.198\/wordpress\/?page_id=647"},"modified":"2022-10-01T12:39:23","modified_gmt":"2022-10-01T10:39:23","slug":"o-nas","status":"publish","type":"page","link":"https:\/\/klinident.pl\/?page_id=647","title":{"rendered":"O NAS"},"content":{"rendered":"\t\t<div data-elementor-type=\"wp-page\" data-elementor-id=\"647\" class=\"elementor elementor-647\" data-elementor-post-type=\"page\">\n\t\t\t\t\t\t<section class=\"elementor-section elementor-top-section elementor-element elementor-element-7544ee8 elementor-section-boxed elementor-section-height-default elementor-section-height-default\" data-id=\"7544ee8\" data-element_type=\"section\" data-e-type=\"section\">\n\t\t\t\t\t\t<div class=\"elementor-container elementor-column-gap-default\">\n\t\t\t\t\t<div class=\"elementor-column elementor-col-100 elementor-top-column elementor-element elementor-element-fc7536b\" data-id=\"fc7536b\" data-element_type=\"column\" data-e-type=\"column\">\n\t\t\t<div class=\"elementor-widget-wrap elementor-element-populated\">\n\t\t\t\t\t\t<section class=\"elementor-section elementor-inner-section elementor-element elementor-element-2b5ad90 elementor-section-boxed elementor-section-height-default elementor-section-height-default\" data-id=\"2b5ad90\" data-element_type=\"section\" data-e-type=\"section\">\n\t\t\t\t\t\t<div class=\"elementor-container elementor-column-gap-default\">\n\t\t\t\t\t<div class=\"elementor-column elementor-col-50 elementor-inner-column elementor-element elementor-element-63b9aa3\" data-id=\"63b9aa3\" data-element_type=\"column\" data-e-type=\"column\">\n\t\t\t<div class=\"elementor-widget-wrap elementor-element-populated\">\n\t\t\t\t\t\t<div class=\"elementor-element elementor-element-b2560c8 elementor-invisible elementor-widget elementor-widget-text-editor\" data-id=\"b2560c8\" data-element_type=\"widget\" data-e-type=\"widget\" data-settings=\"{&quot;_animation&quot;:&quot;fadeInLeft&quot;}\" data-widget_type=\"text-editor.default\">\n\t\t\t\t<div class=\"elementor-widget-container\">\n\t\t\t\t\t\t\t\t\t<h2><img decoding=\"async\" class=\"alignnone size-full wp-image-683\" src=\"http:\/\/klinident.pl\/wp-content\/uploads\/2022\/10\/a.png\" alt=\"\" width=\"48\" height=\"42\" \/>\u00a0 O NAS<\/h2>\t\t\t\t\t\t\t\t<\/div>\n\t\t\t\t<\/div>\n\t\t\t\t<div class=\"elementor-element elementor-element-a3ebd9b elementor-widget-divider--view-line elementor-invisible elementor-widget elementor-widget-divider\" data-id=\"a3ebd9b\" data-element_type=\"widget\" data-e-type=\"widget\" data-settings=\"{&quot;_animation&quot;:&quot;fadeInLeft&quot;}\" data-widget_type=\"divider.default\">\n\t\t\t\t<div class=\"elementor-widget-container\">\n\t\t\t\t\t\t\t<div class=\"elementor-divider\">\n\t\t\t<span class=\"elementor-divider-separator\">\n\t\t\t\t\t\t<\/span>\n\t\t<\/div>\n\t\t\t\t\t\t<\/div>\n\t\t\t\t<\/div>\n\t\t\t\t<div class=\"elementor-element elementor-element-3ddc390 elementor-invisible elementor-widget elementor-widget-text-editor\" data-id=\"3ddc390\" data-element_type=\"widget\" data-e-type=\"widget\" data-settings=\"{&quot;_animation&quot;:&quot;fadeInLeft&quot;}\" data-widget_type=\"text-editor.default\">\n\t\t\t\t<div class=\"elementor-widget-container\">\n\t\t\t\t\t\t\t\t\t<h6 class=\"aboutUsWrapper_container\">Jeste\u015bmy firm\u0105 rodzinn\u0105. Nasz specjalistyczny gabinet stomatologiczny specjalizuje si\u0119 w leczeniu chor\u00f3b przyz\u0119bia &#8211; czyli periodontologii oraz w implantologii. Oferujemy pacjentom ca\u0142e spektrum us\u0142ug: stomatologi\u0119 zachowawcz\u0105, endodoncj\u0119 mikroskopow\u0105, chirurgi\u0119 i protetyk\u0119. Zajmujemy si\u0119 tak\u017ce b\u0142on\u0105 \u015bluzow\u0105 jamy ustnej, w tym wykrywaniem nowotwor\u00f3w na bardzo wczesnym etapie. Nasza dzia\u0142alno\u015b\u0107 naukowa zyska\u0142a uznanie na sesjach Polskiego Towarzystwa Periodontologicznego i Polskiego Towarzystwa Stomatologii Laserowej, gdzie jury przyzna\u0142o nam pierwsze miejsce w roku 2017 i 2019. Zdobyta wiedza i do\u015bwiadczenie pozwala naszym pacjentom czu\u0107 si\u0119 bezpiecznie i gwarantuje im najwy\u017csz\u0105 jako\u015b\u0107 leczenia.<\/h6>\t\t\t\t\t\t\t\t<\/div>\n\t\t\t\t<\/div>\n\t\t\t\t<div class=\"elementor-element elementor-element-e78b177 elementor-invisible elementor-widget elementor-widget-text-editor\" data-id=\"e78b177\" data-element_type=\"widget\" data-e-type=\"widget\" data-settings=\"{&quot;_animation&quot;:&quot;fadeInLeft&quot;}\" data-widget_type=\"text-editor.default\">\n\t\t\t\t<div class=\"elementor-widget-container\">\n\t\t\t\t\t\t\t\t\t<h2><img decoding=\"async\" class=\"alignnone size-full wp-image-684\" src=\"http:\/\/klinident.pl\/wp-content\/uploads\/2022\/10\/kalendarz.png\" alt=\"\" width=\"42\" height=\"42\" \/>\u00a0 HISTORIA<\/h2>\t\t\t\t\t\t\t\t<\/div>\n\t\t\t\t<\/div>\n\t\t\t\t<div class=\"elementor-element elementor-element-849ba41 elementor-widget-divider--view-line elementor-invisible elementor-widget elementor-widget-divider\" data-id=\"849ba41\" data-element_type=\"widget\" data-e-type=\"widget\" data-settings=\"{&quot;_animation&quot;:&quot;fadeInLeft&quot;}\" data-widget_type=\"divider.default\">\n\t\t\t\t<div class=\"elementor-widget-container\">\n\t\t\t\t\t\t\t<div class=\"elementor-divider\">\n\t\t\t<span class=\"elementor-divider-separator\">\n\t\t\t\t\t\t<\/span>\n\t\t<\/div>\n\t\t\t\t\t\t<\/div>\n\t\t\t\t<\/div>\n\t\t\t\t<div class=\"elementor-element elementor-element-5a475af elementor-invisible elementor-widget elementor-widget-text-editor\" data-id=\"5a475af\" data-element_type=\"widget\" data-e-type=\"widget\" data-settings=\"{&quot;_animation&quot;:&quot;fadeInLeft&quot;}\" data-widget_type=\"text-editor.default\">\n\t\t\t\t<div class=\"elementor-widget-container\">\n\t\t\t\t\t\t\t\t\t<h6>Nasze pocz\u0105tki si\u0119gaj\u0105 1984 roku. Gabinet za\u0142o\u017cy\u0142a dr Anna Dojs, kt\u00f3ra od pocz\u0105tku opr\u00f3cz leczenia, mocno anga\u017cowa\u0142a si\u0119 w dzia\u0142alno\u015b\u0107 naukow\u0105 i edukacyjn\u0105. Mamy do\u015bwiadczenie w prowadzeniu sta\u017cy podyplomowych i specjalizacyjnych. Nasza klinika wsp\u00f3\u0142pracuje z Uniwersytetem Medycznym we Wroc\u0142awiu i Szczecinie, oraz z Politechnik\u0105 Koszali\u0144sk\u0105. Dzia\u0142alno\u015b\u0107 ta pozwala tworzy\u0107 najlepsze plany leczenia dla naszych pacjent\u00f3w, zawieraj\u0105ce najnowsze, niestandardowe metody leczenia. Od kilkunastu lat w gabinecie pojawi\u0142 si\u0119 syn dr Anny \u2013 Micha\u0142 Dojs. On tak\u017ce kontynuuje dzia\u0142alno\u015b\u0107 naukow\u0105. Dr Micha\u0142 Dojs odbywa\u0142 sta\u017ce m.in. w Japonii i Niemczech. Swoim do\u015bwiadczeniem s\u0142u\u017cy naszym pacjentom.<\/h6>\t\t\t\t\t\t\t\t<\/div>\n\t\t\t\t<\/div>\n\t\t\t\t\t<\/div>\n\t\t<\/div>\n\t\t\t\t<div class=\"elementor-column elementor-col-50 elementor-inner-column elementor-element elementor-element-5852364\" data-id=\"5852364\" data-element_type=\"column\" data-e-type=\"column\">\n\t\t\t<div class=\"elementor-widget-wrap elementor-element-populated\">\n\t\t\t\t\t\t<div class=\"elementor-element elementor-element-f5d960d elementor-invisible elementor-widget elementor-widget-image\" data-id=\"f5d960d\" data-element_type=\"widget\" data-e-type=\"widget\" data-settings=\"{&quot;_animation&quot;:&quot;fadeInRight&quot;}\" data-widget_type=\"image.default\">\n\t\t\t\t<div class=\"elementor-widget-container\">\n\t\t\t\t\t\t\t\t\t\t\t\t\t\t\t<img fetchpriority=\"high\" decoding=\"async\" width=\"263\" height=\"401\" src=\"https:\/\/klinident.pl\/wp-content\/uploads\/2021\/10\/DrAnna.77fbb153.png\" class=\"attachment-large size-large wp-image-8\" alt=\"\" \/>\t\t\t\t\t\t\t\t\t\t\t\t\t\t\t<\/div>\n\t\t\t\t<\/div>\n\t\t\t\t<div class=\"elementor-element elementor-element-6dfb203 elementor-invisible elementor-widget elementor-widget-image\" data-id=\"6dfb203\" data-element_type=\"widget\" data-e-type=\"widget\" data-settings=\"{&quot;_animation&quot;:&quot;fadeInRight&quot;}\" data-widget_type=\"image.default\">\n\t\t\t\t<div class=\"elementor-widget-container\">\n\t\t\t\t\t\t\t\t\t\t\t\t\t\t\t<img loading=\"lazy\" decoding=\"async\" width=\"263\" height=\"401\" src=\"https:\/\/klinident.pl\/wp-content\/uploads\/2021\/10\/drMichal.0e8a42c4.png\" class=\"attachment-large size-large wp-image-9\" alt=\"\" \/>\t\t\t\t\t\t\t\t\t\t\t\t\t\t\t<\/div>\n\t\t\t\t<\/div>\n\t\t\t\t\t<\/div>\n\t\t<\/div>\n\t\t\t\t\t<\/div>\n\t\t<\/section>\n\t\t\t\t\t<\/div>\n\t\t<\/div>\n\t\t\t\t\t<\/div>\n\t\t<\/section>\n\t\t\t\t<\/div>\n\t\t","protected":false},"excerpt":{"rendered":"<p>\u00a0 O NAS Jeste\u015bmy firm\u0105 rodzinn\u0105. Nasz specjalistyczny gabinet stomatologiczny specjalizuje si\u0119 w leczeniu chor\u00f3b przyz\u0119bia &#8211; czyli periodontologii oraz w implantologii. Oferujemy pacjentom ca\u0142e spektrum us\u0142ug: stomatologi\u0119 zachowawcz\u0105, endodoncj\u0119 mikroskopow\u0105, chirurgi\u0119 i protetyk\u0119. Zajmujemy si\u0119 tak\u017ce b\u0142on\u0105 \u015bluzow\u0105 jamy ustnej, w tym wykrywaniem nowotwor\u00f3w na bardzo wczesnym etapie. Nasza dzia\u0142alno\u015b\u0107 naukowa zyska\u0142a uznanie na &hellip; <a href=\"https:\/\/klinident.pl\/?page_id=647\" class=\"more-link\">Czytaj dalej <span class=\"screen-reader-text\">O NAS<\/span><\/a><\/p>\n","protected":false},"author":1,"featured_media":0,"parent":0,"menu_order":0,"comment_status":"closed","ping_status":"closed","template":"elementor_header_footer","meta":{"footnotes":""},"class_list":["post-647","page","type-page","status-publish","hentry"],"_links":{"self":[{"href":"https:\/\/klinident.pl\/index.php?rest_route=\/wp\/v2\/pages\/647","targetHints":{"allow":["GET"]}}],"collection":[{"href":"https:\/\/klinident.pl\/index.php?rest_route=\/wp\/v2\/pages"}],"about":[{"href":"https:\/\/klinident.pl\/index.php?rest_route=\/wp\/v2\/types\/page"}],"author":[{"embeddable":true,"href":"https:\/\/klinident.pl\/index.php?rest_route=\/wp\/v2\/users\/1"}],"replies":[{"embeddable":true,"href":"https:\/\/klinident.pl\/index.php?rest_route=%2Fwp%2Fv2%2Fcomments&post=647"}],"version-history":[{"count":19,"href":"https:\/\/klinident.pl\/index.php?rest_route=\/wp\/v2\/pages\/647\/revisions"}],"predecessor-version":[{"id":692,"href":"https:\/\/klinident.pl\/index.php?rest_route=\/wp\/v2\/pages\/647\/revisions\/692"}],"wp:attachment":[{"href":"https:\/\/klinident.pl\/index.php?rest_route=%2Fwp%2Fv2%2Fmedia&parent=647"}],"curies":[{"name":"wp","href":"https:\/\/api.w.org\/{rel}","templated":true}]}}