{"id":942,"date":"2023-04-17T16:41:54","date_gmt":"2023-04-17T14:41:54","guid":{"rendered":"http:\/\/79.187.94.198\/wordpress\/?page_id=942"},"modified":"2023-04-18T17:38:51","modified_gmt":"2023-04-18T15:38:51","slug":"informacje-rtg","status":"publish","type":"page","link":"https:\/\/klinident.pl\/?page_id=942","title":{"rendered":"INFORMACJE RTG"},"content":{"rendered":"\n<p><strong>Informacja o wp\u0142ywie dzia\u0142alno\u015bci wykonywanej przez jednostk\u0119 organizacyjn\u0105 polegaj\u0105cej na uruchomieniu pracowni rtg oraz uruchomieniu i stosowaniu aparatu rtg na&nbsp;zdrowie ludzi i na \u015brodowisko<\/strong><\/p>\n\n\n\n<p>Na podstawie art. 32c ust. 2 ustawy Prawo atomowe (Dz. U. z 2021r., poz. 1941, z p\u00f3\u017an. zm.), informuj\u0119, \u017ce w jednostce organizacyjnej:<\/p>\n\n\n\n<p><strong>Prywatny Gabinet Stomatologiczno-Periodontologiczny<\/strong><\/p>\n\n\n\n<p><strong>ul. \u017beromskiego 19\/3, 66-400 Gorz\u00f3w Wlkp.<\/strong><\/p>\n\n\n\n<p>wykonywana jest dzia\u0142alno\u015b\u0107 zwi\u0105zana z nara\u017ceniem na promieniowanie jonizuj\u0105ce, polegaj\u0105ca&nbsp;na:<\/p>\n\n\n\n<ul class=\"wp-block-list\">\n<li>uruchamianiu i stosowaniu urz\u0105dzenia&nbsp; wytwarzaj\u0105cego promieniowanie jonizuj\u0105ce \/typ&nbsp;aparatu rtg\/: <strong>Gendex, <\/strong>typ: <strong>Expert DC, <\/strong>SN: <strong>3011046,&nbsp; <\/strong>rok produkcji:<strong> 2013&nbsp;&nbsp;&nbsp;&nbsp;&nbsp;&nbsp;&nbsp;&nbsp;&nbsp;&nbsp;&nbsp;&nbsp;&nbsp;&nbsp;&nbsp;&nbsp;&nbsp;&nbsp;&nbsp;&nbsp;&nbsp;&nbsp;&nbsp;&nbsp;&nbsp;&nbsp;&nbsp;&nbsp;&nbsp;&nbsp;&nbsp;&nbsp;&nbsp;&nbsp;&nbsp;&nbsp;&nbsp;&nbsp;&nbsp;&nbsp;&nbsp;&nbsp;&nbsp;&nbsp;&nbsp;&nbsp;&nbsp;&nbsp;&nbsp;&nbsp;&nbsp;&nbsp;&nbsp;&nbsp;&nbsp;&nbsp;&nbsp;&nbsp;&nbsp;&nbsp;<\/strong><\/li>\n\n\n\n<li>uruchamianiu pracowni, w kt\u00f3rych maj\u0105 by\u0107 stosowane \u017ar\u00f3d\u0142a promieniowania jonizuj\u0105cego, w&nbsp;szczeg\u00f3lno\u015bci pracowni rentgenowskich lub medycznych pracowni rentgenowskich \/typ pracowni\/: <strong>gabinet stomatologiczny<\/strong><\/li>\n<\/ul>\n\n\n\n<p>Dla jednostki zosta\u0142y wydane decyzje zezwalaj\u0105ce na uruchomienie i stosowanie aparatu rtg oraz na uruchomienie pracowni rtg \/organ wydaj\u0105cy, nr decyzji, data wydania\/:<\/p>\n\n\n\n<p>&nbsp;&#8211; Zezwolenie na stosowanie ap. RTG z dnia&nbsp; <strong>5 sierpnia 2016 roku<\/strong><\/p>\n\n\n\n<p>decyzja nr<strong>&nbsp;&nbsp; I\/M\/NS-HR-95\/310\/2016<\/strong><\/p>\n\n\n\n<p>&#8211;&nbsp; Zezwolenie na uruchomienie pracowni rtg z dnia&nbsp; <strong>5 sierpnia 2016 roku<\/strong><\/p>\n\n\n\n<p>decyzja nr&nbsp; <strong>I\/M\/NS-HR-94\/309\/2016<\/strong><\/p>\n\n\n\n<p>oraz zgoda na\u00a0prowadzenie dzia\u0142alno\u015bci zwi\u0105zanej z\u00a0nara\u017ceniem na\u00a0promieniowanie jonizuj\u0105ce w celach medycznych polegaj\u0105cej na\u00a0udzielaniu \u015bwiadcze\u0144 zdrowotnych z\u00a0zakresu bada\u0144 rentgenodiagnostycznych\/radiologii zabiegowej* \/organ wydaj\u0105cy, nr decyzji, data wydania\/:\u00a0 &#8211; nie dotyczy<\/p>\n\n\n\n<p>Na podstawie art. 17 ust. 1 ustawy Prawo atomowe, w celu dostosowania sposobu oceny zagro\u017cenia do jego spodziewanego poziomu, pracownicy jednostki organizacyjnej zostali zaliczeni do kategorii <strong>B<\/strong> nara\u017cenia. Ocena nara\u017cenia pracownik\u00f3w prowadzona jest na&nbsp;podstawie: systematycznych <strong>pomiar\u00f3w dozymetrycznych w \u015brodowisku pracy<\/strong> w spos\u00f3b pozwalaj\u0105cy stwierdzi\u0107 prawid\u0142owo\u015b\u0107 zaliczenia pracownik\u00f3w do tej kategorii (umowa z Instytutem Fizyki J\u0105drowej w Krakowie).<\/p>\n\n\n\n<p>W przeci\u0105gu ostatnich 12 miesi\u0119cy <strong>nie stwierdzono<\/strong> przekroczenia <strong>dawek granicznych<\/strong> \/dawka skuteczna, dawka r\u00f3wnowa\u017cna\/ okre\u015blonych dla&nbsp;pracownik\u00f3w.<\/p>\n\n\n\n<p>Pomiary dozymetryczne rozk\u0142adu mocy dawki promieniowania jonizuj\u0105cego X wok\u00f3\u0142 aparat\u00f3w rtg, podczas kt\u00f3rych potwierdzono, \u017ce konstrukcja \u015bcian, strop\u00f3w, okien, drzwi oraz&nbsp;zainstalowane urz\u0105dzenia ochronne w pracowni rtg zabezpiecza osoby pracuj\u0105ce, osoby z og\u00f3\u0142u ludno\u015bci przebywaj\u0105ce w s\u0105siedztwie, a tak\u017ce osoby z og\u00f3\u0142u ludno\u015bci w przypadku pracowni rtg znajduj\u0105cej si\u0119 w&nbsp;budynku mieszkalnym przed otrzymaniem w ci\u0105gu roku dawek okre\u015blonych w \u00a7 2 i \u00a7 3 ust.&nbsp;1 rozporz\u0105dzenia Ministra Zdrowia z dnia 21 sierpnia 2006 r. (Dz. U. Nr 180, poz. 1325).<\/p>\n\n\n\n<p><strong>Kierownik jednostki organizacyjnej zapewnia wykonywanie dzia\u0142alno\u015bci zwi\u0105zanej z&nbsp;nara\u017ceniem zgodnie z zasad\u0105 optymalizacji wymagaj\u0105c\u0105, \u017ceby \u2013 przy rozs\u0105dnym uwzgl\u0119dnieniu czynnik\u00f3w ekonomicznych i spo\u0142ecznych oraz aktualnego stanu wiedzy technicznej \u2013 liczba nara\u017conych pracownik\u00f3w i os\u00f3b z og\u00f3\u0142u ludno\u015bci oraz&nbsp;prawdopodobie\u0144stwo ich nara\u017cenia by\u0142y jak najmniejsze, a otrzymywane przez&nbsp;nich dawki promieniowania jonizuj\u0105cego by\u0142y mo\u017cliwie ma\u0142e.<\/strong><\/p>\n\n\n\n<p><strong>Na podstawie powy\u017cszych informacji stwierdza si\u0119, \u017ce dzia\u0142alno\u015b\u0107 w minionych 12&nbsp;miesi\u0105cach nie mia\u0142a negatywnego wp\u0142ywu na zdrowie ludzi i \u015brodowisko.<\/strong><\/p>\n\n\n\n<p><strong>W zwi\u0105zku z wykonywaniem wy\u017cej opisanej dzia\u0142alno\u015bci do \u015brodowiska nie s\u0105 uwalniane substancje promieniotw\u00f3rcze.<\/strong><\/p>\n","protected":false},"excerpt":{"rendered":"<p>Informacja o wp\u0142ywie dzia\u0142alno\u015bci wykonywanej przez jednostk\u0119 organizacyjn\u0105 polegaj\u0105cej na uruchomieniu pracowni rtg oraz uruchomieniu i stosowaniu aparatu rtg na&nbsp;zdrowie ludzi i na \u015brodowisko Na podstawie art. 32c ust. 2 ustawy Prawo atomowe (Dz. U. z 2021r., poz. 1941, z p\u00f3\u017an. zm.), informuj\u0119, \u017ce w jednostce organizacyjnej: Prywatny Gabinet Stomatologiczno-Periodontologiczny ul. \u017beromskiego 19\/3, 66-400 Gorz\u00f3w &hellip; <a href=\"https:\/\/klinident.pl\/?page_id=942\" class=\"more-link\">Czytaj dalej <span class=\"screen-reader-text\">INFORMACJE RTG<\/span><\/a><\/p>\n","protected":false},"author":1,"featured_media":0,"parent":0,"menu_order":0,"comment_status":"closed","ping_status":"closed","template":"","meta":{"footnotes":""},"class_list":["post-942","page","type-page","status-publish","hentry"],"_links":{"self":[{"href":"https:\/\/klinident.pl\/index.php?rest_route=\/wp\/v2\/pages\/942","targetHints":{"allow":["GET"]}}],"collection":[{"href":"https:\/\/klinident.pl\/index.php?rest_route=\/wp\/v2\/pages"}],"about":[{"href":"https:\/\/klinident.pl\/index.php?rest_route=\/wp\/v2\/types\/page"}],"author":[{"embeddable":true,"href":"https:\/\/klinident.pl\/index.php?rest_route=\/wp\/v2\/users\/1"}],"replies":[{"embeddable":true,"href":"https:\/\/klinident.pl\/index.php?rest_route=%2Fwp%2Fv2%2Fcomments&post=942"}],"version-history":[{"count":3,"href":"https:\/\/klinident.pl\/index.php?rest_route=\/wp\/v2\/pages\/942\/revisions"}],"predecessor-version":[{"id":947,"href":"https:\/\/klinident.pl\/index.php?rest_route=\/wp\/v2\/pages\/942\/revisions\/947"}],"wp:attachment":[{"href":"https:\/\/klinident.pl\/index.php?rest_route=%2Fwp%2Fv2%2Fmedia&parent=942"}],"curies":[{"name":"wp","href":"https:\/\/api.w.org\/{rel}","templated":true}]}}